{"id":30122,"date":"2024-03-28T12:40:14","date_gmt":"2024-03-28T12:40:14","guid":{"rendered":"https:\/\/mountsinaifoundation.org\/?page_id=30122"},"modified":"2025-01-21T20:43:33","modified_gmt":"2025-01-21T20:43:33","slug":"nous-joindre","status":"publish","type":"page","link":"https:\/\/mountsinaifoundation.org\/fr\/nous-joindre\/","title":{"rendered":"Nous joindre"},"content":{"rendered":"<div data-elementor-type=\"wp-page\" data-elementor-id=\"30122\" class=\"elementor elementor-30122 elementor-27073\" data-elementor-post-type=\"page\">\n\t\t\t\t<div class=\"elementor-element elementor-element-94e81d9 e-con-full e-flex e-con e-parent\" data-id=\"94e81d9\" data-element_type=\"container\" data-e-type=\"container\" data-settings=\"{&quot;background_background&quot;:&quot;classic&quot;}\">\n\t\t<div class=\"elementor-element elementor-element-3c9d023 animated-fast e-con-full e-flex elementor-invisible e-con e-child\" data-id=\"3c9d023\" data-element_type=\"container\" data-e-type=\"container\" data-settings=\"{&quot;background_background&quot;:&quot;classic&quot;,&quot;animation&quot;:&quot;fadeIn&quot;,&quot;animation_delay&quot;:100}\">\n\t\t\t\t<div class=\"elementor-element elementor-element-4e4f6e0 elementor-widget__width-initial elementor-widget elementor-widget-google_maps\" data-id=\"4e4f6e0\" data-element_type=\"widget\" data-e-type=\"widget\" data-settings=\"{&quot;ekit_we_effect_on&quot;:&quot;none&quot;}\" data-widget_type=\"google_maps.default\">\n\t\t\t\t<div class=\"elementor-widget-container\">\n\t\t\t\t\t\t\t<div class=\"elementor-custom-embed\">\n\t\t\t<iframe loading=\"lazy\"\n\t\t\t\t\tsrc=\"https:\/\/www.google.com\/maps\/embed\/v1\/place?key=AIzaSyBNyoSTuaLw8FwzQ5VRolyMz-ae5uKA-I4&#038;q=%20Mount%20Sinai%20Hospital%20Foundation%205690%20Cavendish%20Blvd%2C%20C%C3%B4te%20Saint-Luc%2C%20Quebec%20H4W%201S7&#038;zoom=14\"\n\t\t\t\t\ttitle=\" Mount Sinai Hospital Foundation 5690 Cavendish Blvd, C\u00f4te Saint-Luc, Quebec H4W 1S7\"\n\t\t\t\t\taria-label=\" Mount Sinai Hospital Foundation 5690 Cavendish Blvd, C\u00f4te Saint-Luc, Quebec H4W 1S7\"\n\t\t\t><\/iframe>\n\t\t<\/div>\n\t\t\t\t\t\t<\/div>\n\t\t\t\t<\/div>\n\t\t\t\t<\/div>\n\t\t<div class=\"elementor-element elementor-element-ff8b069 e-con-full e-flex e-con e-child\" data-id=\"ff8b069\" data-element_type=\"container\" data-e-type=\"container\">\n\t\t<div class=\"elementor-element elementor-element-38b5869 e-con-full e-flex e-con e-child\" data-id=\"38b5869\" data-element_type=\"container\" data-e-type=\"container\">\n\t\t\t\t<div class=\"elementor-element elementor-element-dab6d03 animated-fast elementor-widget__width-initial elementor-invisible elementor-widget elementor-widget-elementskit-heading\" data-id=\"dab6d03\" data-element_type=\"widget\" data-e-type=\"widget\" data-settings=\"{&quot;_animation&quot;:&quot;fadeIn&quot;,&quot;_animation_delay&quot;:100,&quot;ekit_we_effect_on&quot;:&quot;none&quot;}\" data-widget_type=\"elementskit-heading.default\">\n\t\t\t\t<div class=\"elementor-widget-container\">\n\t\t\t\t\t<div class=\"ekit-wid-con\" ><div class=\"ekit-heading elementskit-section-title-wraper text_left   ekit_heading_tablet-   ekit_heading_mobile-\"><h2 class=\"ekit-heading--title elementskit-section-title\">Nous joindre<\/h2>\t\t\t\t<div class='ekit-heading__description'>\n\t\t\t\t\t<p>Donnez-nous de vos nouvelles.<br \/>\nChoisissez simplement la m\u00e9thode la plus pratique, et nous communiquerons avec vous dans les plus brefs d\u00e9lais.<\/p>\n\t\t\t\t<\/div>\n\t\t\t<\/div><\/div>\t\t\t\t<\/div>\n\t\t\t\t<\/div>\n\t\t\t\t<div class=\"elementor-element elementor-element-6a9be71 animated-fast elementor-invisible elementor-widget elementor-widget-elementskit-contact-form7\" data-id=\"6a9be71\" data-element_type=\"widget\" data-e-type=\"widget\" data-settings=\"{&quot;_animation&quot;:&quot;fadeIn&quot;,&quot;_animation_delay&quot;:300,&quot;ekit_we_effect_on&quot;:&quot;none&quot;}\" data-widget_type=\"elementskit-contact-form7.default\">\n\t\t\t\t<div class=\"elementor-widget-container\">\n\t\t\t\t\t<div class=\"ekit-wid-con\" ><div class=\"ekit-form\">\n<div class=\"wpcf7 no-js\" id=\"wpcf7-f30056-p30122-o1\" lang=\"fr-FR\" dir=\"ltr\" data-wpcf7-id=\"30056\">\n<div class=\"screen-reader-response\"><p role=\"status\" aria-live=\"polite\" aria-atomic=\"true\"><\/p> <ul><\/ul><\/div>\n<form action=\"\/fr\/nous-joindre\/#wpcf7-f30056-p30122-o1\" method=\"post\" class=\"wpcf7-form init\" aria-label=\"Contact form\" novalidate=\"novalidate\" data-status=\"init\" data-trp-original-action=\"\/fr\/nous-joindre\/#wpcf7-f30056-p30122-o1\">\n<fieldset class=\"hidden-fields-container\"><input type=\"hidden\" name=\"_wpcf7\" value=\"30056\" \/><input type=\"hidden\" name=\"_wpcf7_version\" value=\"6.1.5\" \/><input type=\"hidden\" name=\"_wpcf7_locale\" value=\"fr_FR\" \/><input type=\"hidden\" name=\"_wpcf7_unit_tag\" value=\"wpcf7-f30056-p30122-o1\" \/><input type=\"hidden\" name=\"_wpcf7_container_post\" value=\"30122\" \/><input type=\"hidden\" name=\"_wpcf7_posted_data_hash\" value=\"\" \/><input type=\"hidden\" name=\"_wpcf7_recaptcha_response\" value=\"\" \/>\n<\/fieldset>\n<div class=\"keydesign-label\">\n\t<p><label>Nom<\/label><span class=\"wpcf7-form-control-wrap\" data-name=\"your-name\"><input size=\"40\" maxlength=\"400\" class=\"wpcf7-form-control wpcf7-text wpcf7-validates-as-required\" aria-required=\"true\" aria-invalid=\"false\" value=\"\" type=\"text\" name=\"your-name\" \/><\/span>\n\t<\/p>\n<\/div>\n<div class=\"keydesign-label\">\n\t<p><label>Courriel<\/label><span class=\"wpcf7-form-control-wrap\" data-name=\"your-email\"><input size=\"40\" maxlength=\"400\" class=\"wpcf7-form-control wpcf7-email wpcf7-validates-as-required wpcf7-text wpcf7-validates-as-email\" aria-required=\"true\" aria-invalid=\"false\" value=\"\" type=\"email\" name=\"your-email\" \/><\/span>\n\t<\/p>\n<\/div>\n<div class=\"keydesign-label\">\n\t<p><label>Message<\/label><span class=\"wpcf7-form-control-wrap\" data-name=\"your-message\"><textarea cols=\"40\" rows=\"10\" maxlength=\"2000\" class=\"wpcf7-form-control wpcf7-textarea\" aria-invalid=\"false\" name=\"your-message\"><\/textarea><\/span>\n\t<\/p>\n<\/div>\n<p><input class=\"wpcf7-form-control wpcf7-submit has-spinner\" type=\"submit\" value=\"Soumettre\" \/>\n<\/p><div class=\"wpcf7-response-output\" aria-hidden=\"true\"><\/div>\n<input type=\"hidden\" name=\"trp-form-language\" value=\"fr\"\/><\/form>\n<\/div>\n<\/div><\/div>\t\t\t\t<\/div>\n\t\t\t\t<\/div>\n\t\t\t\t<\/div>\n\t\t\t\t<\/div>\n\t\t\t\t<\/div>\n\t\t<div class=\"elementor-element elementor-element-869685d e-flex e-con-boxed e-con e-parent\" data-id=\"869685d\" data-element_type=\"container\" data-e-type=\"container\" data-settings=\"{&quot;background_background&quot;:&quot;classic&quot;}\">\n\t\t\t\t\t<div class=\"e-con-inner\">\n\t\t<div class=\"elementor-element elementor-element-3972917 e-con-full e-flex e-con e-child\" data-id=\"3972917\" data-element_type=\"container\" data-e-type=\"container\">\n\t\t<div class=\"elementor-element elementor-element-57578fd e-con-full e-flex e-con e-child\" data-id=\"57578fd\" data-element_type=\"container\" data-e-type=\"container\">\n\t\t\t\t<div class=\"elementor-element elementor-element-69c7480 animated-fast elementor-invisible elementor-widget elementor-widget-elementskit-heading\" data-id=\"69c7480\" data-element_type=\"widget\" data-e-type=\"widget\" data-settings=\"{&quot;_animation&quot;:&quot;fadeIn&quot;,&quot;_animation_delay&quot;:100,&quot;ekit_we_effect_on&quot;:&quot;css&quot;}\" data-widget_type=\"elementskit-heading.default\">\n\t\t\t\t<div class=\"elementor-widget-container\">\n\t\t\t\t\t<div class=\"ekit-wid-con\" ><div class=\"ekit-heading elementskit-section-title-wraper text_left   ekit_heading_tablet-   ekit_heading_mobile-text_left\"><h2 class=\"ekit-heading--title elementskit-section-title\">Connectez-vous avec nous!<\/h2><\/div><\/div>\t\t\t\t<\/div>\n\t\t\t\t<\/div>\n\t\t\t\t<\/div>\n\t\t<div class=\"elementor-element elementor-element-fa8bb78 e-con-full e-flex e-con e-child\" data-id=\"fa8bb78\" data-element_type=\"container\" data-e-type=\"container\">\n\t\t\t\t<div class=\"elementor-element elementor-element-810f836 elementor-widget elementor-widget-elementskit-social-media\" data-id=\"810f836\" data-element_type=\"widget\" data-e-type=\"widget\" data-settings=\"{&quot;ekit_we_effect_on&quot;:&quot;none&quot;}\" data-widget_type=\"elementskit-social-media.default\">\n\t\t\t\t<div class=\"elementor-widget-container\">\n\t\t\t\t\t<div class=\"ekit-wid-con\" >\t\t\t <ul class=\"ekit_social_media\">\n\t\t\t\t\t\t\t\t\t\t\t\t\t\t<li class=\"elementor-repeater-item-1160476\">\n\t\t\t\t\t    <a\n\t\t\t\t\t\thref=\"mailto:info@mountsinaifoundation.org\" aria-label=\"Email\" class=\"open\" >\n\t\t\t\t\t\t\t\n\t\t\t\t\t\t\t<i aria-hidden=\"true\" class=\"fas fa-envelope-open\"><\/i>\n                                                                                                            <\/a>\n                    <\/li>\n                    \t\t\t\t\t\t\t\t\t\t\t\t\t\t<li class=\"elementor-repeater-item-cf1b32d\">\n\t\t\t\t\t    <a\n\t\t\t\t\t\thref=\"https:\/\/www.facebook.com\/mountsinaihospitalfoundationmtl\" target=\"_blank\" aria-label=\"Facebook\" class=\"facebook\" >\n\t\t\t\t\t\t\t\n\t\t\t\t\t\t\t<svg class=\"ekit-svg-icon icon-facebook\" viewbox=\"0 0 32 32\" xmlns=\"http:\/\/www.w3.org\/2000\/svg\"><path d=\"M23.999 0.407l-4.15-0.007c-4.662 0-7.675 3.091-7.675 7.875v3.631h-4.172c-0.361 0-0.652 0.292-0.652 0.653v5.261c0 0.361 0.292 0.652 0.652 0.652h4.172v13.275c0 0.361 0.292 0.653 0.652 0.653h5.444c0.361 0 0.652-0.292 0.652-0.652v-13.275h4.878c0.361 0 0.652-0.292 0.652-0.652l0.002-5.261c0-0.173-0.069-0.339-0.191-0.461s-0.289-0.191-0.462-0.191h-4.88v-3.078c0-1.479 0.353-2.23 2.28-2.23l2.795-0.001c0.36 0 0.652-0.292 0.652-0.652v-4.885c0-0.36-0.292-0.652-0.651-0.652z\"><\/path><\/svg>\n                                                                                                            <\/a>\n                    <\/li>\n                    \t\t\t\t\t\t\t\t\t\t\t\t\t\t<li class=\"elementor-repeater-item-e8cd3d4\">\n\t\t\t\t\t    <a\n\t\t\t\t\t\thref=\"https:\/\/www.instagram.com\/mountsinaihospitalfoundation\/\" target=\"_blank\" aria-label=\"Instagram\" class=\"1\" >\n\t\t\t\t\t\t\t\n\t\t\t\t\t\t\t<svg class=\"ekit-svg-icon icon-instagram-1\" viewbox=\"0 0 32 32\" xmlns=\"http:\/\/www.w3.org\/2000\/svg\"><path d=\"M31.969 9.408c-0.075-1.7-0.35-2.869-0.744-3.882-0.406-1.075-1.031-2.038-1.85-2.838-0.8-0.813-1.769-1.444-2.832-1.844-1.019-0.394-2.182-0.669-3.882-0.744-1.713-0.081-2.257-0.1-6.601-0.1s-4.888 0.019-6.595 0.094c-1.7 0.075-2.869 0.35-3.882 0.744-1.075 0.406-2.038 1.031-2.838 1.85-0.813 0.8-1.444 1.769-1.844 2.832-0.394 1.019-0.669 2.182-0.744 3.882-0.081 1.713-0.1 2.257-0.1 6.601s0.019 4.888 0.094 6.595c0.075 1.7 0.35 2.869 0.744 3.882 0.406 1.075 1.038 2.038 1.85 2.838 0.8 0.813 1.769 1.444 2.832 1.844 1.019 0.394 2.182 0.669 3.882 0.744 1.706 0.075 2.25 0.094 6.595 0.094s4.888-0.019 6.595-0.094c1.7-0.075 2.869-0.35 3.882-0.744 2.151-0.831 3.851-2.532 4.682-4.682 0.394-1.019 0.669-2.182 0.744-3.882 0.075-1.707 0.094-2.25 0.094-6.595s-0.006-4.888-0.081-6.595zM29.087 22.473c-0.069 1.563-0.331 2.407-0.55 2.969-0.538 1.394-1.644 2.5-3.038 3.038-0.563 0.219-1.413 0.481-2.969 0.55-1.688 0.075-2.194 0.094-6.464 0.094s-4.782-0.019-6.464-0.094c-1.563-0.069-2.407-0.331-2.969-0.55-0.694-0.256-1.325-0.663-1.838-1.194-0.531-0.519-0.938-1.144-1.194-1.838-0.219-0.563-0.481-1.413-0.55-2.969-0.075-1.688-0.094-2.194-0.094-6.464s0.019-4.782 0.094-6.464c0.069-1.563 0.331-2.407 0.55-2.969 0.256-0.694 0.663-1.325 1.2-1.838 0.519-0.531 1.144-0.938 1.838-1.194 0.563-0.219 1.413-0.481 2.969-0.55 1.688-0.075 2.194-0.094 6.464-0.094 4.276 0 4.782 0.019 6.464 0.094 1.563 0.069 2.407 0.331 2.969 0.55 0.694 0.256 1.325 0.662 1.838 1.194 0.531 0.519 0.938 1.144 1.194 1.838 0.219 0.563 0.481 1.413 0.55 2.969 0.075 1.688 0.094 2.194 0.094 6.464s-0.019 4.77-0.094 6.458z\"><\/path><path d=\"M16.059 7.783c-4.538 0-8.22 3.682-8.22 8.22s3.682 8.22 8.22 8.22c4.538 0 8.22-3.682 8.22-8.22s-3.682-8.22-8.22-8.22zM16.059 21.335c-2.944 0-5.332-2.388-5.332-5.332s2.388-5.332 5.332-5.332c2.944 0 5.332 2.388 5.332 5.332s-2.388 5.332-5.332 5.332z\"><\/path><path d=\"M26.524 7.458c0 1.060-0.859 1.919-1.919 1.919s-1.919-0.859-1.919-1.919c0-1.060 0.859-1.919 1.919-1.919s1.919 0.859 1.919 1.919z\"><\/path><\/svg>\n                                                                                                            <\/a>\n                    <\/li>\n                    \t\t\t\t\t\t\t\t\t\t\t\t\t\t<li class=\"elementor-repeater-item-b271fd2\">\n\t\t\t\t\t    <a\n\t\t\t\t\t\thref=\"https:\/\/www.linkedin.com\/company\/mshfmtl\" target=\"_blank\" aria-label=\"LinkedIn\" class=\"linkedin\" >\n\t\t\t\t\t\t\t\n\t\t\t\t\t\t\t<svg class=\"ekit-svg-icon icon-linkedin\" viewbox=\"0 0 32 32\" xmlns=\"http:\/\/www.w3.org\/2000\/svg\"><path d=\"M3.846 0.427c-2.125 0-3.846 1.723-3.846 3.844 0 2.123 1.72 3.846 3.846 3.846 2.12 0 3.843-1.723 3.843-3.846 0-2.121-1.723-3.844-3.843-3.844zM0.529 11.034h6.632v21.338h-6.632v-21.338zM24.045 10.504c-3.226 0-5.389 1.769-6.275 3.446h-0.089v-2.916h-6.361v21.338h6.626v-10.556c0-2.783 0.53-5.478 3.98-5.478 3.401 0 3.446 3.183 3.446 5.657v10.377h6.627v-11.704c0-5.745-1.24-10.164-7.955-10.164z\"><\/path><\/svg>\n                                                                                                            <\/a>\n                    <\/li>\n                    \t\t\t\t\t\t\t<\/ul>\n\t\t<\/div>\t\t\t\t<\/div>\n\t\t\t\t<\/div>\n\t\t\t\t<\/div>\n\t\t\t\t<\/div>\n\t\t<div class=\"elementor-element elementor-element-446c03d e-con-full e-flex e-con e-child\" data-id=\"446c03d\" data-element_type=\"container\" data-e-type=\"container\">\n\t\t<div class=\"elementor-element elementor-element-539ce68 e-con-full e-flex e-con e-child\" data-id=\"539ce68\" data-element_type=\"container\" data-e-type=\"container\">\n\t\t\t\t<div class=\"elementor-element elementor-element-c87653b animated-fast ekit-equal-height-disable elementor-invisible elementor-widget elementor-widget-elementskit-icon-box\" data-id=\"c87653b\" data-element_type=\"widget\" data-e-type=\"widget\" data-settings=\"{&quot;_animation&quot;:&quot;fadeInUp&quot;,&quot;_animation_delay&quot;:100,&quot;ekit_we_effect_on&quot;:&quot;none&quot;}\" data-widget_type=\"elementskit-icon-box.default\">\n\t\t\t\t<div class=\"elementor-widget-container\">\n\t\t\t\t\t<div class=\"ekit-wid-con\" >        <!-- link opening -->\n                <a href=\"tel:+15143692222p31299\" class=\"ekit_global_links\">\n                <!-- end link opening -->\n\n        <div class=\"elementskit-infobox text-left text-left icon-top-align elementor-animation-float\">\n                    <div class=\"elementskit-box-header elementor-animation-\">\n                <div class=\"elementskit-info-box-icon\">\n                    <i aria-hidden=\"true\" class=\"elementkit-infobox-icon fas fa-phone-square-alt\"><\/i>\n                <\/div>\n          <\/div>\n                        <div class=\"box-body\">\n                            <h4 class=\"elementskit-info-box-title\">\n                    T\u00e9l\u00e9phone                <\/h4>\n                        \t\t  \t<p><a href=\"tel:+15143692222p31299\">514.369.2222, ext. 31299<\/a><br>&nbsp;<\/p>\n                                <\/div>\n        \n        <div class=\"icon-hover\">\n            <svg class=\"ekit-svg-icon icon-phone-handset\" viewbox=\"0 0 32 32\" xmlns=\"http:\/\/www.w3.org\/2000\/svg\"><path d=\"M25.6 32c-2.834 0-5.849-0.803-8.96-2.387-2.869-1.46-5.703-3.552-8.196-6.048s-4.581-5.332-6.040-8.203c-1.581-3.113-2.383-6.128-2.383-8.962 0-1.837 1.711-3.611 2.447-4.288 1.058-0.974 2.722-2.111 3.931-2.111 0.601 0 1.306 0.393 2.219 1.238 0.681 0.63 1.446 1.485 2.213 2.471 0.462 0.594 2.768 3.633 2.768 5.091 0 1.196-1.352 2.027-2.782 2.906-0.553 0.34-1.125 0.691-1.538 1.023-0.441 0.354-0.52 0.54-0.533 0.582 1.519 3.785 6.161 8.427 9.944 9.943 0.034-0.011 0.221-0.084 0.581-0.534 0.331-0.414 0.683-0.985 1.023-1.538 0.88-1.431 1.71-2.782 2.906-2.782 1.458 0 4.497 2.306 5.091 2.768 0.986 0.767 1.841 1.532 2.471 2.213 0.845 0.912 1.238 1.617 1.238 2.218 0 1.209-1.137 2.879-2.11 3.941-0.678 0.739-2.453 2.459-4.29 2.459zM6.39 1.6c-0.429 0.008-1.582 0.533-2.837 1.688-1.191 1.097-1.931 2.289-1.931 3.112 0 10.766 13.222 24 23.978 24 0.821 0 2.013-0.744 3.11-1.941 1.156-1.261 1.681-2.419 1.69-2.849-0.052-0.304-0.893-1.486-3.195-3.259-1.979-1.524-3.584-2.34-3.997-2.351-0.029 0.009-0.208 0.077-0.571 0.538-0.316 0.401-0.654 0.951-0.98 1.482-0.896 1.458-1.743 2.836-2.973 2.836-0.198 0-0.394-0.038-0.581-0.113-4.199-1.68-9.166-6.646-10.846-10.846-0.202-0.504-0.234-1.294 0.758-2.193 0.528-0.478 1.258-0.927 1.964-1.361 0.531-0.327 1.081-0.664 1.482-0.98 0.461-0.363 0.53-0.542 0.538-0.571-0.011-0.413-0.827-2.018-2.351-3.997-1.772-2.302-2.955-3.143-3.259-3.195z\"><\/path><\/svg>        <\/div>\n\n        \n        \n                <\/div>\n                <\/a>\n        <\/div>\t\t\t\t<\/div>\n\t\t\t\t<\/div>\n\t\t\t\t<\/div>\n\t\t<div class=\"elementor-element elementor-element-d378d49 e-con-full e-flex e-con e-child\" data-id=\"d378d49\" data-element_type=\"container\" data-e-type=\"container\">\n\t\t\t\t<div class=\"elementor-element elementor-element-1e77e60 animated-fast ekit-equal-height-disable elementor-invisible elementor-widget elementor-widget-elementskit-icon-box\" data-id=\"1e77e60\" data-element_type=\"widget\" data-e-type=\"widget\" data-settings=\"{&quot;_animation&quot;:&quot;fadeInUp&quot;,&quot;_animation_delay&quot;:200,&quot;ekit_we_effect_on&quot;:&quot;none&quot;}\" data-widget_type=\"elementskit-icon-box.default\">\n\t\t\t\t<div class=\"elementor-widget-container\">\n\t\t\t\t\t<div class=\"ekit-wid-con\" >        <!-- link opening -->\n                <a href=\"mailto:info@mountsinaifoundation.org\" class=\"ekit_global_links\">\n                <!-- end link opening -->\n\n        <div class=\"elementskit-infobox text-left text-left icon-top-align elementor-animation-float\">\n                    <div class=\"elementskit-box-header elementor-animation-\">\n                <div class=\"elementskit-info-box-icon\">\n                    <i aria-hidden=\"true\" class=\"elementkit-infobox-icon fas fa-envelope\"><\/i>\n                <\/div>\n          <\/div>\n                        <div class=\"box-body\">\n                            <h4 class=\"elementskit-info-box-title\">\n                    Courriel                <\/h4>\n                        \t\t  \t<p><a href=\"mailto:info@mountsinaifoundation.org\">info@mountsinaifoundation.org<\/a><br>&nbsp;<\/p>\n                                <\/div>\n        \n        <div class=\"icon-hover\">\n            <svg class=\"ekit-svg-icon icon-email\" viewbox=\"0 0 32 32\" xmlns=\"http:\/\/www.w3.org\/2000\/svg\"><path d=\"M31.763 13.855l0-0-4.086-2.709v-9.055c0-0.293-0.237-0.53-0.53-0.53h-22.294c-0.293 0-0.53 0.237-0.53 0.53v9.055l-4.085 2.708c-0.143 0.095-0.237 0.257-0.237 0.442v16.413c0 0.293 0.237 0.53 0.53 0.53h30.94c0.293 0 0.53-0.237 0.53-0.53v-16.413c0-0.184-0.094-0.347-0.237-0.442zM4.323 15.708l-1.662-0.882h1.662v0.882zM1.060 15.177l12.188 6.465-12.188 8.079v-14.544zM16 21.090l13.712 9.089h-27.423l13.712-9.089zM18.752 21.643l12.188-6.465v14.544l-12.188-8.079zM27.677 14.826h1.663l-1.663 0.882v-0.882zM29.711 13.766h-2.035v-1.349l2.035 1.349zM26.617 2.621v13.65l-8.87 4.705-1.454-0.964c-0.177-0.118-0.408-0.118-0.586 0l-1.454 0.964-8.871-4.706v-13.649h21.234zM4.323 13.766h-2.034l2.034-1.348v1.348zM16 15.499h4.223c0.293 0 0.53-0.237 0.53-0.53s-0.237-0.53-0.53-0.53h-4.223c-2.036 0-3.693-1.656-3.693-3.693v-0.156c0-2.036 1.656-3.693 3.693-3.693s3.693 1.656 3.693 3.693v0.391c0 0.441-0.359 0.799-0.799 0.799s-0.799-0.359-0.799-0.799v-0.743c0-1.262-1.027-2.289-2.289-2.289s-2.289 1.027-2.289 2.289c0 1.262 1.027 2.289 2.289 2.289 0.577 0 1.105-0.215 1.508-0.569 0.328 0.529 0.914 0.882 1.581 0.882 1.025 0 1.859-0.834 1.859-1.859v-0.391c0-2.621-2.132-4.753-4.753-4.753s-4.753 2.132-4.753 4.753v0.156c0 2.621 2.132 4.753 4.753 4.753zM15.804 11.468c-0.678 0-1.229-0.551-1.229-1.229s0.552-1.229 1.229-1.229 1.229 0.552 1.229 1.229-0.551 1.229-1.229 1.229z\"><\/path><\/svg>        <\/div>\n\n        \n        \n                <\/div>\n                <\/a>\n        <\/div>\t\t\t\t<\/div>\n\t\t\t\t<\/div>\n\t\t\t\t<\/div>\n\t\t<div class=\"elementor-element elementor-element-a3feaed e-con-full e-flex e-con e-child\" data-id=\"a3feaed\" data-element_type=\"container\" data-e-type=\"container\">\n\t\t\t\t<div class=\"elementor-element elementor-element-09f79b6 animated-fast ekit-equal-height-disable elementor-invisible elementor-widget elementor-widget-elementskit-icon-box\" data-id=\"09f79b6\" data-element_type=\"widget\" data-e-type=\"widget\" data-settings=\"{&quot;_animation&quot;:&quot;fadeInUp&quot;,&quot;_animation_delay&quot;:300,&quot;ekit_we_effect_on&quot;:&quot;none&quot;}\" data-widget_type=\"elementskit-icon-box.default\">\n\t\t\t\t<div class=\"elementor-widget-container\">\n\t\t\t\t\t<div class=\"ekit-wid-con\" >        <!-- link opening -->\n                <a href=\"https:\/\/maps.app.goo.gl\/BVfWQUztR33okncB7\" target=\"_blank\" class=\"ekit_global_links\">\n                <!-- end link opening -->\n\n        <div class=\"elementskit-infobox text-left text-left icon-top-align elementor-animation-float\">\n                    <div class=\"elementskit-box-header elementor-animation-\">\n                <div class=\"elementskit-info-box-icon\">\n                    <i aria-hidden=\"true\" class=\"elementkit-infobox-icon fas fa-map-marked-alt\"><\/i>\n                <\/div>\n          <\/div>\n                        <div class=\"box-body\">\n                            <h4 class=\"elementskit-info-box-title\">\n                    Adresse                <\/h4>\n                        \t\t  \t<p><a href=\"https:\/\/maps.app.goo.gl\/BVfWQUztR33okncB7\" target=\"_blank\">5690 boul. Cavendish<br>\nMontreal, QC H4W 1S7<\/a><\/p>\n                                <\/div>\n        \n        <div class=\"icon-hover\">\n            <svg class=\"ekit-svg-icon icon-google-map\" viewbox=\"0 0 43 32\" xmlns=\"http:\/\/www.w3.org\/2000\/svg\"><path d=\"M13.19 11.863c0.234-0.078 0.312-0.312 0.234-0.468-0.234-0.859-0.39-1.561-0.39-2.185 0.078-4.683 3.824-8.429 8.429-8.429s8.429 3.746 8.429 8.429c0 2.498-2.654 8.039-7.259 15.22-0.234 0.39-0.702 0.624-1.171 0.624v0c-0.468 0-0.937-0.234-1.171-0.624-1.327-2.107-3.278-5.229-4.761-8.273-0.078-0.156-0.312-0.234-0.546-0.156-0.156 0.078-0.234 0.312-0.156 0.546 1.561 3.044 3.512 6.244 4.839 8.351 0.39 0.624 1.093 1.015 1.795 1.015 0 0 0 0 0 0 0.702 0 1.405-0.39 1.795-1.015 2.732-4.293 7.337-12.020 7.337-15.688 0.078-5.073-4.059-9.21-9.132-9.21s-9.132 4.137-9.132 9.21c0 0.624 0.156 1.483 0.468 2.419 0 0.156 0.234 0.234 0.39 0.234z\"><\/path><path d=\"M25.522 9.21c0-2.263-1.795-4.059-4.059-4.059s-4.059 1.795-4.059 4.059c0 2.263 1.795 4.059 4.059 4.059 2.263-0.078 4.059-1.873 4.059-4.059zM18.185 9.21c0-1.795 1.483-3.278 3.278-3.278s3.278 1.483 3.278 3.278c0 1.795-1.483 3.278-3.278 3.278s-3.278-1.483-3.278-3.278z\"><\/path><path d=\"M42.615 28.098l-4.449-7.883c-0.468-0.859-1.327-1.327-2.263-1.327h-4.683c-0.234 0-0.39 0.156-0.39 0.39s0.156 0.39 0.39 0.39h4.683c0.702 0 1.249 0.39 1.639 0.937l0.781 1.405-3.902 4.371c-0.156 0.156-0.156 0.39 0 0.546 0.078 0.078 0.156 0.078 0.234 0.078s0.234-0.078 0.312-0.156l3.668-4.137 3.2 5.776c0.312 0.546 0.312 1.249 0 1.795s-0.937 0.937-1.561 0.937h-37.62c-0.624 0-1.171-0.312-1.561-0.859l14.283-3.902c0.234-0.078 0.312-0.234 0.312-0.468-0.078-0.234-0.234-0.312-0.468-0.312l-14.439 3.98c-0.078-0.39 0-0.78 0.234-1.171l4.449-7.883c0.312-0.546 0.937-0.937 1.639-0.937h3.824c0.234 0 0.39-0.156 0.39-0.39s-0.156-0.39-0.39-0.39h-3.902c-0.937 0-1.795 0.546-2.263 1.327l-4.449 7.883c-0.468 0.859-0.468 1.795 0 2.576s1.327 1.327 2.263 1.327h37.698c0.937 0 1.795-0.468 2.263-1.327 0.546-0.78 0.546-1.795 0.078-2.576z\"><\/path><\/svg>        <\/div>\n\n        \n        \n                <\/div>\n                <\/a>\n        <\/div>\t\t\t\t<\/div>\n\t\t\t\t<\/div>\n\t\t\t\t<\/div>\n\t\t\t\t<\/div>\n\t\t\t\t\t<\/div>\n\t\t\t\t<\/div>\n\t\t\t\t<\/div>","protected":false},"excerpt":{"rendered":"<p>Nous joindre Donnez-nous de vos nouvelles. Choisissez simplement la m\u00e9thode la plus pratique, et nous communiquerons avec vous dans les plus brefs d\u00e9lais. Name Email address Message Connectez-vous avec nous! T\u00e9l\u00e9phone 514.369.2222, ext. 31299&nbsp; Courriel info@mountsinaifoundation.org&nbsp; Adresse 5690 boul. Cavendish Montreal, QC H4W 1S7<\/p>","protected":false},"author":2,"featured_media":0,"parent":0,"menu_order":0,"comment_status":"closed","ping_status":"closed","template":"","meta":{"give_campaign_id":0,"footnotes":""},"class_list":["post-30122","page","type-page","status-publish","hentry"],"campaignId":"","_links":{"self":[{"href":"https:\/\/mountsinaifoundation.org\/fr\/wp-json\/wp\/v2\/pages\/30122","targetHints":{"allow":["GET"]}}],"collection":[{"href":"https:\/\/mountsinaifoundation.org\/fr\/wp-json\/wp\/v2\/pages"}],"about":[{"href":"https:\/\/mountsinaifoundation.org\/fr\/wp-json\/wp\/v2\/types\/page"}],"author":[{"embeddable":true,"href":"https:\/\/mountsinaifoundation.org\/fr\/wp-json\/wp\/v2\/users\/2"}],"replies":[{"embeddable":true,"href":"https:\/\/mountsinaifoundation.org\/fr\/wp-json\/wp\/v2\/comments?post=30122"}],"version-history":[{"count":0,"href":"https:\/\/mountsinaifoundation.org\/fr\/wp-json\/wp\/v2\/pages\/30122\/revisions"}],"wp:attachment":[{"href":"https:\/\/mountsinaifoundation.org\/fr\/wp-json\/wp\/v2\/media?parent=30122"}],"curies":[{"name":"wp","href":"https:\/\/api.w.org\/{rel}","templated":true}]}}